{"id":2,"date":"2026-01-20T23:11:12","date_gmt":"2026-01-20T22:11:12","guid":{"rendered":"https:\/\/www.unmoisdebonheur.com\/?page_id=2"},"modified":"2026-01-20T23:42:23","modified_gmt":"2026-01-20T22:42:23","slug":"page-d-exemple","status":"publish","type":"page","link":"https:\/\/www.unmoisdebonheur.com\/?page_id=2","title":{"rendered":""},"content":{"rendered":"\n<p>\u00ab\u00a0Le bonheur n&rsquo;est pas une destination, c&rsquo;est une comp\u00e9tence qui se travaille. Notre coffret propose un parcours de 30 jours bas\u00e9 sur la psychologie positive et les neurosciences. En seulement 5 minutes par jour, l&rsquo;utilisateur r\u00e9apprend \u00e0 son cerveau \u00e0 focaliser sur les solutions plut\u00f4t que sur les probl\u00e8mes<\/p>\n\n\n\n<blockquote class=\"wp-block-quote is-layout-flow wp-block-quote-is-layout-flow\">\n<p>30 jours pour reprendre les commandes de votre m\u00e9t\u00e9o int\u00e9rieure.\u00a0\u00bb<\/p>\n<\/blockquote>\n\n\n\n<p><\/p>\n\n\n\n<blockquote class=\"wp-block-quote is-layout-flow wp-block-quote-is-layout-flow\">\n<p><\/p>\n<\/blockquote>\n\n\n\n<p><\/p>\n","protected":false},"excerpt":{"rendered":"<p>\u00ab\u00a0Le bonheur n&rsquo;est pas une destination, c&rsquo;est une comp\u00e9tence qui se travaille. Notre coffret propose un parcours de 30 jours bas\u00e9 sur la psychologie positive et les neurosciences. En seulement 5 minutes par jour, l&rsquo;utilisateur r\u00e9apprend \u00e0 son cerveau \u00e0 focaliser sur les solutions plut\u00f4t que sur les probl\u00e8mes 30 jours pour reprendre les commandes [&hellip;]<\/p>\n","protected":false},"author":1,"featured_media":0,"parent":0,"menu_order":0,"comment_status":"closed","ping_status":"open","template":"","meta":{"footnotes":""},"class_list":["post-2","page","type-page","status-publish","hentry"],"_links":{"self":[{"href":"https:\/\/www.unmoisdebonheur.com\/index.php?rest_route=\/wp\/v2\/pages\/2","targetHints":{"allow":["GET"]}}],"collection":[{"href":"https:\/\/www.unmoisdebonheur.com\/index.php?rest_route=\/wp\/v2\/pages"}],"about":[{"href":"https:\/\/www.unmoisdebonheur.com\/index.php?rest_route=\/wp\/v2\/types\/page"}],"author":[{"embeddable":true,"href":"https:\/\/www.unmoisdebonheur.com\/index.php?rest_route=\/wp\/v2\/users\/1"}],"replies":[{"embeddable":true,"href":"https:\/\/www.unmoisdebonheur.com\/index.php?rest_route=%2Fwp%2Fv2%2Fcomments&post=2"}],"version-history":[{"count":4,"href":"https:\/\/www.unmoisdebonheur.com\/index.php?rest_route=\/wp\/v2\/pages\/2\/revisions"}],"predecessor-version":[{"id":22,"href":"https:\/\/www.unmoisdebonheur.com\/index.php?rest_route=\/wp\/v2\/pages\/2\/revisions\/22"}],"wp:attachment":[{"href":"https:\/\/www.unmoisdebonheur.com\/index.php?rest_route=%2Fwp%2Fv2%2Fmedia&parent=2"}],"curies":[{"name":"wp","href":"https:\/\/api.w.org\/{rel}","templated":true}]}}